{"id":38,"date":"2025-01-25T11:10:50","date_gmt":"2025-01-25T11:10:50","guid":{"rendered":"http:\/\/localhost\/wordpress\/?page_id=38"},"modified":"2025-01-26T18:06:30","modified_gmt":"2025-01-26T18:06:30","slug":"about","status":"publish","type":"page","link":"https:\/\/iak.ac.at\/?page_id=38","title":{"rendered":"\u00dcber uns"},"content":{"rendered":"\n<figure class=\"wp-block-image alignfull size-large\"><img loading=\"lazy\" decoding=\"async\" width=\"1024\" height=\"294\" src=\"https:\/\/iak.ac.at\/wp-content\/uploads\/2025\/01\/IMG_4338-1024x294.jpg\" alt=\"\" class=\"wp-image-110\" srcset=\"https:\/\/iak.ac.at\/wp-content\/uploads\/2025\/01\/IMG_4338-1024x294.jpg 1024w, https:\/\/iak.ac.at\/wp-content\/uploads\/2025\/01\/IMG_4338-300x86.jpg 300w, https:\/\/iak.ac.at\/wp-content\/uploads\/2025\/01\/IMG_4338-768x221.jpg 768w, https:\/\/iak.ac.at\/wp-content\/uploads\/2025\/01\/IMG_4338-1536x441.jpg 1536w, https:\/\/iak.ac.at\/wp-content\/uploads\/2025\/01\/IMG_4338-2048x588.jpg 2048w\" sizes=\"auto, (max-width: 1024px) 100vw, 1024px\" \/><\/figure>\n\n\n\n<p class=\"has-text-align-right has-small-font-size\" style=\"margin-top:var(--wp--preset--spacing--40);margin-right:0;margin-bottom:var(--wp--preset--spacing--40);margin-left:0;padding-top:0;padding-right:0;padding-bottom:0;padding-left:0;font-style:normal;font-weight:100;line-height:0\">Qaroun See im Fayyum<\/p>\n\n\n\n<div class=\"wp-block-columns is-layout-flex wp-container-core-columns-is-layout-31e4b395 wp-block-columns-is-layout-flex\" style=\"margin-bottom:0px;padding-right:0;padding-left:0\">\n<div class=\"wp-block-column is-layout-flow wp-block-column-is-layout-flow\">\n<h3 class=\"wp-block-heading has-text-align-left has-text-color\" style=\"color:#020202;margin-top:0.5rem;margin-right:0;margin-bottom:1.9rem;font-size:clamp(1.25rem, 1.25rem + ((1vw - 0.2rem) * 1.364), 2rem);font-style:normal;font-weight:500;letter-spacing:0px;line-height:1.3;text-transform:capitalize\">Aufgabe<\/h3>\n\n\n\n<p class=\"has-text-align-left has-text-color has-work-sans-regular-font-family\" style=\"color:#03081e;margin-top:1rem;margin-right:0;margin-left:0;font-size:clamp(0.875rem, 0.875rem + ((1vw - 0.2rem) * 0.227), 1rem);font-style:normal;font-weight:400;line-height:1.3\">Das Institut f\u00fcr alt\u00e4gyptische Kulturgeschichte (IAK) ist ein eingetragener, nicht auf Gewinn ausgerichteter und in Wien basierter Verein (ZVR-Zahl 1028266316).<\/p>\n\n\n\n<p class=\"has-text-align-left has-text-color has-work-sans-regular-font-family\" style=\"color:#03081e;margin-top:1rem;margin-right:0;margin-left:0;font-size:clamp(0.875rem, 0.875rem + ((1vw - 0.2rem) * 0.227), 1rem);font-style:normal;font-weight:400;line-height:1.3\">Das IAK wurde als Forschungsplattform 2024 von einer kleinen Gruppe an Wiener \u00c4gyptologen und \u00c4gyptologinnen gegr\u00fcndet, um eine au\u00dferuniversit\u00e4re wissenschaftsorientierte Plattform aufzubauen, ein unabh\u00e4ngiges akademisches Netzwerk zu st\u00e4rken, die Diskussionskultur im Fach zu f\u00f6rdern und Outreach-Projekte zu starten. <\/p>\n\n\n\n<p class=\"has-text-align-left has-text-color has-work-sans-regular-font-family\" style=\"color:#03081e;margin-top:1rem;margin-right:0;margin-left:0;font-size:clamp(0.875rem, 0.875rem + ((1vw - 0.2rem) * 0.227), 1rem);font-style:normal;font-weight:400;line-height:1.3\">Wir verfolgen das Ziel einer breiten internationalen und interdisziplin\u00e4ren Vernetzung und streben dadurch den Kontakt zu \u00d6sterreichs Kultur- und Forschungseinrichtungen an.<\/p>\n<\/div>\n\n\n\n<div class=\"wp-block-column is-layout-flow wp-block-column-is-layout-flow\">\n<h3 class=\"wp-block-heading has-text-align-left has-text-color\" style=\"color:#020202;margin-top:0.5rem;margin-right:0;margin-bottom:1.9rem;font-size:clamp(1.25rem, 1.25rem + ((1vw - 0.2rem) * 1.364), 2rem);font-style:normal;font-weight:500;letter-spacing:0px;line-height:1.3;text-transform:capitalize\">Inhalte<\/h3>\n\n\n\n<p class=\"has-text-align-left has-text-color has-work-sans-regular-font-family\" style=\"color:#03081e;margin-top:1rem;font-size:clamp(0.875rem, 0.875rem + ((1vw - 0.2rem) * 0.227), 1rem);font-style:normal;font-weight:400;line-height:1.3\">Die Diskussions- und Forschungsschwerpunkte der Arbeitsgruppen und Research Associates betreffen sowohl \u00e4gyptologische Grundlagenforschung als auch aktuelle Fachdiskurse mit einem kulturwissenschaftlich-methodologischen Zugang.<\/p>\n\n\n\n<p class=\"has-text-align-left has-text-color has-work-sans-regular-font-family\" style=\"color:#03081e;margin-top:1rem;font-size:clamp(0.875rem, 0.875rem + ((1vw - 0.2rem) * 0.227), 1rem);font-style:normal;font-weight:400;line-height:1.3\">Dar\u00fcber hinaus soll der Verein an der Schnittstelle zwischen Forschung, \u00d6ffentlichkeitsarbeit und \u00e4gyptologischer Popul\u00e4rwissenschaft operieren sowie Kunst- und Kulturschaffende aus dem und \u00fcber das aktuelle \u00c4gypten zusammenbringen.<\/p>\n\n\n\n<p class=\"has-text-align-left has-text-color has-work-sans-regular-font-family\" style=\"color:#03081e;margin-top:1rem;font-size:clamp(0.875rem, 0.875rem + ((1vw - 0.2rem) * 0.227), 1rem);font-style:normal;font-weight:400;line-height:1.3\">\u2013<\/p>\n<\/div>\n<\/div>\n\n\n\n<div class=\"wp-block-columns is-layout-flex wp-container-core-columns-is-layout-ec1d2a40 wp-block-columns-is-layout-flex\" style=\"margin-bottom:0px\">\n<div class=\"wp-block-column is-layout-flow wp-block-column-is-layout-flow\">\n<h3 class=\"wp-block-heading has-text-align-left has-text-color\" style=\"color:#020202;margin-top:0.5rem;margin-right:0;margin-bottom:1.9rem;font-size:clamp(1.25rem, 1.25rem + ((1vw - 0.2rem) * 1.364), 2rem);font-style:normal;font-weight:500;letter-spacing:0px;line-height:1.3;text-transform:capitalize\">Strukturen<\/h3>\n\n\n\n<p class=\"has-text-align-left has-text-color has-work-sans-regular-font-family\" style=\"color:#03081e;margin-top:0rem;font-size:clamp(0.875rem, 0.875rem + ((1vw - 0.2rem) * 0.227), 1rem);font-style:normal;font-weight:400;line-height:1.3\">Wir arbeiten am Ausbau unserer Strukturen und sind derzeit auf eine erste Vernetzung und Zusammenarbeit \u00fcber Arbeitsgruppen fokussiert. Die Themen werden auf unserer Webseite vorgestellt werden.<\/p>\n\n\n\n<p><\/p>\n<\/div>\n\n\n\n<div class=\"wp-block-column is-layout-flow wp-block-column-is-layout-flow\">\n<h3 class=\"wp-block-heading has-text-align-left has-text-color\" style=\"color:#020202;margin-top:0.5rem;margin-right:0;margin-bottom:1.9rem;font-size:clamp(1.25rem, 1.25rem + ((1vw - 0.2rem) * 1.364), 2rem);font-style:normal;font-weight:500;letter-spacing:0px;line-height:1.3;text-transform:capitalize\">Mitwirkende<\/h3>\n\n\n\n<p class=\"has-text-align-left has-text-color has-work-sans-regular-font-family\" style=\"color:#03081e;margin-top:0rem;font-size:clamp(0.875rem, 0.875rem + ((1vw - 0.2rem) * 0.227), 1rem);font-style:normal;font-weight:400;line-height:1.3\">Wir sind ein junger Verein mit einer noch kleinen akademische Community von Research Associates, die in K\u00fcrze auf unserer Webseite vorgestellt werden.<\/p>\n<\/div>\n<\/div>\n\n\n\n<p class=\"has-text-align-center has-text-color\" style=\"color:#03081e;margin-top:var(--wp--preset--spacing--80);font-size:clamp(0.875rem, 0.875rem + ((1vw - 0.2rem) * 0.227), 1rem);font-style:normal;font-weight:400;line-height:1.3\">Wenn Sie Interesse an der Mitwirkung oder am Aufbau einer unabh\u00e4ngigen universit\u00e4ren Forschungsplattform interessiert sind, freuen wir uns, wenn Sie uns \u00fcber das Kontaktformular eine Nachricht zukommen lassen.<\/p>\n\n\n\n<hr class=\"wp-block-separator has-alpha-channel-opacity\" style=\"margin-top:var(--wp--preset--spacing--80);margin-bottom:var(--wp--preset--spacing--80)\"\/>\n\n\n\n<p class=\"has-text-align-center\" style=\"font-style:normal;font-weight:500;line-height:2.1\">Seite im Aufbau.<\/p>\n\n\n\n<p><\/p>\n","protected":false},"excerpt":{"rendered":"<p>Qaroun See im Fayyum Aufgabe Das Institut f\u00fcr alt\u00e4gyptische Kulturgeschichte (IAK) ist ein eingetragener, nicht auf Gewinn ausgerichteter und in Wien basierter Verein (ZVR-Zahl 1028266316). Das IAK wurde als Forschungsplattform 2024 von einer kleinen Gruppe an Wiener \u00c4gyptologen und \u00c4gyptologinnen gegr\u00fcndet, um eine au\u00dferuniversit\u00e4re wissenschaftsorientierte Plattform aufzubauen, ein unabh\u00e4ngiges akademisches Netzwerk zu st\u00e4rken, die Diskussionskultur [&hellip;]<\/p>\n","protected":false},"author":1,"featured_media":0,"parent":0,"menu_order":2,"comment_status":"closed","ping_status":"closed","template":"","meta":{"footnotes":""},"class_list":["post-38","page","type-page","status-publish","hentry"],"_links":{"self":[{"href":"https:\/\/iak.ac.at\/index.php?rest_route=\/wp\/v2\/pages\/38","targetHints":{"allow":["GET"]}}],"collection":[{"href":"https:\/\/iak.ac.at\/index.php?rest_route=\/wp\/v2\/pages"}],"about":[{"href":"https:\/\/iak.ac.at\/index.php?rest_route=\/wp\/v2\/types\/page"}],"author":[{"embeddable":true,"href":"https:\/\/iak.ac.at\/index.php?rest_route=\/wp\/v2\/users\/1"}],"replies":[{"embeddable":true,"href":"https:\/\/iak.ac.at\/index.php?rest_route=%2Fwp%2Fv2%2Fcomments&post=38"}],"version-history":[{"count":16,"href":"https:\/\/iak.ac.at\/index.php?rest_route=\/wp\/v2\/pages\/38\/revisions"}],"predecessor-version":[{"id":206,"href":"https:\/\/iak.ac.at\/index.php?rest_route=\/wp\/v2\/pages\/38\/revisions\/206"}],"wp:attachment":[{"href":"https:\/\/iak.ac.at\/index.php?rest_route=%2Fwp%2Fv2%2Fmedia&parent=38"}],"curies":[{"name":"wp","href":"https:\/\/api.w.org\/{rel}","templated":true}]}}