{"id":34,"date":"2025-01-25T11:09:47","date_gmt":"2025-01-25T11:09:47","guid":{"rendered":"http:\/\/localhost\/wordpress\/?page_id=34"},"modified":"2025-01-26T19:27:27","modified_gmt":"2025-01-26T19:27:27","slug":"home","status":"publish","type":"page","link":"https:\/\/iak.ac.at\/","title":{"rendered":"Home"},"content":{"rendered":"\n<div class=\"wp-block-cover alignfull\" style=\"padding-top:2%;min-height:60rem;aspect-ratio:unset;\"><span aria-hidden=\"true\" class=\"wp-block-cover__background has-background-dim-0 has-background-dim\" style=\"background-color:#7a7a7a\"><\/span><img loading=\"lazy\" decoding=\"async\" width=\"1163\" height=\"900\" class=\"wp-block-cover__image-background wp-image-114\" alt=\"\" src=\"https:\/\/iak.ac.at\/wp-content\/uploads\/2025\/01\/pexels-paolo-cogo-2093226-3722335-e1737875776640.jpg\" style=\"object-position:56% 52%\" data-object-fit=\"cover\" data-object-position=\"56% 52%\" srcset=\"https:\/\/iak.ac.at\/wp-content\/uploads\/2025\/01\/pexels-paolo-cogo-2093226-3722335-e1737875776640.jpg 1163w, https:\/\/iak.ac.at\/wp-content\/uploads\/2025\/01\/pexels-paolo-cogo-2093226-3722335-e1737875776640-300x232.jpg 300w, https:\/\/iak.ac.at\/wp-content\/uploads\/2025\/01\/pexels-paolo-cogo-2093226-3722335-e1737875776640-1024x792.jpg 1024w, https:\/\/iak.ac.at\/wp-content\/uploads\/2025\/01\/pexels-paolo-cogo-2093226-3722335-e1737875776640-768x594.jpg 768w\" sizes=\"auto, (max-width: 1163px) 100vw, 1163px\" \/><div class=\"wp-block-cover__inner-container has-global-padding is-layout-constrained wp-container-core-cover-is-layout-ee51f2d2 wp-block-cover-is-layout-constrained\">\n<h2 class=\"wp-block-heading\" style=\"margin-top:var(--wp--preset--spacing--60);margin-right:0;margin-bottom:var(--wp--preset--spacing--30);margin-left:0;padding-top:0;padding-right:0;padding-bottom:0;padding-left:0;font-size:clamp(24.034px, 1.502rem + ((1vw - 3.2px) * 1.814), 40px);font-style:normal;font-weight:300;letter-spacing:1px;line-height:1\">Institut f\u00fcr<\/h2>\n\n\n\n<h2 class=\"wp-block-heading\" style=\"margin-top:var(--wp--preset--spacing--20);margin-right:0;margin-bottom:var(--wp--preset--spacing--20);margin-left:0;padding-top:0;padding-right:0;padding-bottom:0;padding-left:0;font-size:clamp(24.034px, 1.502rem + ((1vw - 3.2px) * 1.814), 40px);font-style:normal;font-weight:300;letter-spacing:1px;line-height:1\">alt\u00e4gyptische <\/h2>\n\n\n\n<h2 class=\"wp-block-heading\" style=\"margin-top:var(--wp--preset--spacing--20);margin-right:0;margin-bottom:var(--wp--preset--spacing--20);margin-left:0;padding-top:0;padding-right:0;padding-bottom:0;padding-left:0;font-size:clamp(24.034px, 1.502rem + ((1vw - 3.2px) * 1.814), 40px);font-style:normal;font-weight:300;letter-spacing:1px;line-height:1\">Kulturgeschichte<\/h2>\n\n\n\n<p class=\"has-text-align-left has-text-color\" style=\"color:#080808;margin-right:0;margin-left:0;padding-top:0;padding-right:var(--wp--preset--spacing--20);padding-bottom:0;padding-left:var(--wp--preset--spacing--20);font-size:clamp(1.092rem, 1.092rem + ((1vw - 0.2rem) * 1.105), 1.7rem);font-style:normal;font-weight:600;line-height:1.8\"><\/p>\n\n\n\n<div class=\"wp-block-columns is-layout-flex wp-container-core-columns-is-layout-28f84493 wp-block-columns-is-layout-flex\">\n<div class=\"wp-block-column is-layout-flow wp-block-column-is-layout-flow\" style=\"padding-top:0;padding-right:0;padding-bottom:var(--wp--preset--spacing--50);padding-left:0;flex-basis:100%\"><\/div>\n<\/div>\n\n\n\n<div class=\"wp-block-group alignwide is-vertical is-content-justification-center is-layout-flex wp-container-core-group-is-layout-5e763914 wp-block-group-is-layout-flex\" style=\"min-height:35rem\"><\/div>\n<\/div><\/div>\n\n\n\n<div class=\"wp-block-group alignfull has-global-padding is-layout-constrained wp-container-core-group-is-layout-e280939b wp-block-group-is-layout-constrained\" style=\"margin-top:0;margin-bottom:0;padding-top:2rem;padding-right:0;padding-bottom:2rem;padding-left:0\">\n<h2 class=\"wp-block-heading has-text-align-center has-text-color\" style=\"color:#000000;padding-top:var(--wp--preset--spacing--70);padding-bottom:var(--wp--preset--spacing--70);font-size:clamp(1.551rem, 1.551rem + ((1vw - 0.2rem) * 1.907), 2.6rem);font-style:normal;font-weight:500;line-height:2;text-transform:capitalize\">Wirkungsbereich<\/h2>\n\n\n\n<div class=\"wp-block-group alignwide has-global-padding is-layout-constrained wp-container-core-group-is-layout-ae1b4cf1 wp-block-group-is-layout-constrained\" style=\"margin-top:0.2rem\">\n<div class=\"wp-block-columns alignwide are-vertically-aligned-top is-layout-flex wp-container-core-columns-is-layout-b430ba6a wp-block-columns-is-layout-flex\" style=\"padding-top:0;padding-bottom:0\">\n<div class=\"wp-block-column is-vertically-aligned-top has-global-padding is-content-justification-center is-layout-constrained wp-container-core-column-is-layout-42dd56e2 wp-block-column-is-layout-constrained\" style=\"padding-top:0;padding-bottom:2.1rem\">\n<div class=\"wp-block-group has-global-padding is-layout-constrained wp-container-core-group-is-layout-668d2085 wp-block-group-is-layout-constrained\">\n<figure class=\"wp-block-image aligncenter size-full is-resized has-custom-border\"><img loading=\"lazy\" decoding=\"async\" width=\"1280\" height=\"1600\" src=\"https:\/\/iak.ac.at\/wp-content\/uploads\/2025\/01\/pexels-dajana-reci-289671698-16154647.jpg\" alt=\"\" class=\"wp-image-112\" style=\"border-radius:30px;object-fit:cover;width:290px;height:400px\" srcset=\"https:\/\/iak.ac.at\/wp-content\/uploads\/2025\/01\/pexels-dajana-reci-289671698-16154647.jpg 1280w, https:\/\/iak.ac.at\/wp-content\/uploads\/2025\/01\/pexels-dajana-reci-289671698-16154647-240x300.jpg 240w, https:\/\/iak.ac.at\/wp-content\/uploads\/2025\/01\/pexels-dajana-reci-289671698-16154647-819x1024.jpg 819w, https:\/\/iak.ac.at\/wp-content\/uploads\/2025\/01\/pexels-dajana-reci-289671698-16154647-768x960.jpg 768w, https:\/\/iak.ac.at\/wp-content\/uploads\/2025\/01\/pexels-dajana-reci-289671698-16154647-1229x1536.jpg 1229w\" sizes=\"auto, (max-width: 1280px) 100vw, 1280px\" \/><\/figure>\n\n\n\n<h5 class=\"wp-block-heading has-text-align-center has-text-color\" style=\"color:#000000;margin-top:var(--wp--preset--spacing--60);margin-bottom:var(--wp--preset--spacing--60);font-size:clamp(1.044rem, 1.044rem + ((1vw - 0.2rem) * 1.029), 1.61rem);font-style:normal;font-weight:500;line-height:1.4;text-transform:capitalize\">Forschungsplattform<\/h5>\n<\/div>\n\n\n\n<div class=\"wp-block-group has-global-padding is-layout-constrained wp-container-core-group-is-layout-4f9f0532 wp-block-group-is-layout-constrained\">\n<p class=\"has-text-align-center has-text-color\" style=\"color:#252525;margin-top:0rem;font-size:clamp(0.875rem, 0.875rem + ((1vw - 0.2rem) * 0.064), 0.91rem);font-style:normal;font-weight:300;line-height:1.5\">F\u00f6rderung des kulturwissenschaftlichen Paradigmas in der \u00c4gyptologie<\/p>\n<\/div>\n<\/div>\n\n\n\n<div class=\"wp-block-column is-vertically-aligned-top has-global-padding is-layout-constrained wp-container-core-column-is-layout-48fd0c0d wp-block-column-is-layout-constrained\" style=\"padding-top:0;padding-bottom:2.1rem\">\n<div class=\"wp-block-group has-global-padding is-layout-constrained wp-container-core-group-is-layout-668d2085 wp-block-group-is-layout-constrained\">\n<figure class=\"wp-block-image aligncenter size-full is-resized has-custom-border\"><img loading=\"lazy\" decoding=\"async\" width=\"1280\" height=\"1920\" src=\"https:\/\/iak.ac.at\/wp-content\/uploads\/2025\/01\/pexels-axp-photography-500641970-18991548.jpg\" alt=\"\" class=\"wp-image-111\" style=\"border-radius:30px;object-fit:cover;width:290px;height:400px\" srcset=\"https:\/\/iak.ac.at\/wp-content\/uploads\/2025\/01\/pexels-axp-photography-500641970-18991548.jpg 1280w, https:\/\/iak.ac.at\/wp-content\/uploads\/2025\/01\/pexels-axp-photography-500641970-18991548-200x300.jpg 200w, https:\/\/iak.ac.at\/wp-content\/uploads\/2025\/01\/pexels-axp-photography-500641970-18991548-683x1024.jpg 683w, https:\/\/iak.ac.at\/wp-content\/uploads\/2025\/01\/pexels-axp-photography-500641970-18991548-768x1152.jpg 768w, https:\/\/iak.ac.at\/wp-content\/uploads\/2025\/01\/pexels-axp-photography-500641970-18991548-1024x1536.jpg 1024w\" sizes=\"auto, (max-width: 1280px) 100vw, 1280px\" \/><\/figure>\n\n\n\n<h5 class=\"wp-block-heading has-text-align-center has-text-color\" style=\"color:#000000;margin-top:var(--wp--preset--spacing--60);margin-bottom:var(--wp--preset--spacing--60);font-size:clamp(1.044rem, 1.044rem + ((1vw - 0.2rem) * 1.029), 1.61rem);font-style:normal;font-weight:500;line-height:1.4;text-transform:capitalize\">Forschungsnetzwerk<\/h5>\n<\/div>\n\n\n\n<div class=\"wp-block-group has-global-padding is-layout-constrained wp-container-core-group-is-layout-4f9f0532 wp-block-group-is-layout-constrained\">\n<p class=\"has-text-align-center has-text-color\" style=\"color:#252525;margin-top:0rem;font-size:clamp(0.875rem, 0.875rem + ((1vw - 0.2rem) * 0.064), 0.91rem);font-style:normal;font-weight:300;line-height:1.5\">Vernetzung innerhalb der (au\u00dfer)universit\u00e4ren akademischen Community<\/p>\n<\/div>\n<\/div>\n\n\n\n<div class=\"wp-block-column is-vertically-aligned-top has-global-padding is-content-justification-center is-layout-constrained wp-container-core-column-is-layout-42dd56e2 wp-block-column-is-layout-constrained\" style=\"padding-top:0;padding-bottom:2.1rem\">\n<div class=\"wp-block-group has-global-padding is-layout-constrained wp-container-core-group-is-layout-668d2085 wp-block-group-is-layout-constrained\">\n<figure class=\"wp-block-image aligncenter size-full is-resized has-custom-border\"><img loading=\"lazy\" decoding=\"async\" width=\"1280\" height=\"1640\" src=\"https:\/\/iak.ac.at\/wp-content\/uploads\/2025\/01\/pexels-nici-gottstein-138431104-14681329.jpg\" alt=\"\" class=\"wp-image-113\" style=\"border-radius:30px;object-fit:cover;width:290px;height:400px\" srcset=\"https:\/\/iak.ac.at\/wp-content\/uploads\/2025\/01\/pexels-nici-gottstein-138431104-14681329.jpg 1280w, https:\/\/iak.ac.at\/wp-content\/uploads\/2025\/01\/pexels-nici-gottstein-138431104-14681329-234x300.jpg 234w, https:\/\/iak.ac.at\/wp-content\/uploads\/2025\/01\/pexels-nici-gottstein-138431104-14681329-799x1024.jpg 799w, https:\/\/iak.ac.at\/wp-content\/uploads\/2025\/01\/pexels-nici-gottstein-138431104-14681329-768x984.jpg 768w, https:\/\/iak.ac.at\/wp-content\/uploads\/2025\/01\/pexels-nici-gottstein-138431104-14681329-1199x1536.jpg 1199w\" sizes=\"auto, (max-width: 1280px) 100vw, 1280px\" \/><\/figure>\n\n\n\n<h5 class=\"wp-block-heading has-text-align-center has-text-color\" style=\"color:#010101;margin-top:var(--wp--preset--spacing--60);margin-bottom:var(--wp--preset--spacing--60);font-size:clamp(1.044rem, 1.044rem + ((1vw - 0.2rem) * 1.029), 1.61rem);font-style:normal;font-weight:500;line-height:1.4;text-transform:capitalize\">Kollaborationen<\/h5>\n<\/div>\n\n\n\n<div class=\"wp-block-group has-global-padding is-layout-constrained wp-container-core-group-is-layout-4f9f0532 wp-block-group-is-layout-constrained\">\n<p class=\"has-text-align-center has-text-color\" style=\"color:#252525;margin-top:0rem;font-size:clamp(0.875rem, 0.875rem + ((1vw - 0.2rem) * 0.064), 0.91rem);font-style:normal;font-weight:300;line-height:1.5\">Zusammenarbeit durch Kooperationen, Arbeitsgruppen und gemeinsame Projekte<\/p>\n<\/div>\n<\/div>\n<\/div>\n<\/div>\n<\/div>\n\n\n\n<hr class=\"wp-block-separator has-alpha-channel-opacity\" style=\"margin-top:var(--wp--preset--spacing--80);margin-bottom:var(--wp--preset--spacing--80)\"\/>\n\n\n\n<p class=\"has-text-align-center\" style=\"font-style:normal;font-weight:500;line-height:2.1\">Seite im Aufbau.<\/p>\n\n\n\n<p><\/p>\n","protected":false},"excerpt":{"rendered":"<p>Wirkungsbereich Forschungsplattform F\u00f6rderung des kulturwissenschaftlichen Paradigmas in der \u00c4gyptologie Forschungsnetzwerk Vernetzung innerhalb der (au\u00dfer)universit\u00e4ren akademischen Community Kollaborationen Zusammenarbeit durch Kooperationen, Arbeitsgruppen und gemeinsame Projekte Seite im Aufbau.<\/p>\n","protected":false},"author":1,"featured_media":0,"parent":0,"menu_order":1,"comment_status":"closed","ping_status":"closed","template":"","meta":{"footnotes":""},"class_list":["post-34","page","type-page","status-publish","hentry"],"_links":{"self":[{"href":"https:\/\/iak.ac.at\/index.php?rest_route=\/wp\/v2\/pages\/34","targetHints":{"allow":["GET"]}}],"collection":[{"href":"https:\/\/iak.ac.at\/index.php?rest_route=\/wp\/v2\/pages"}],"about":[{"href":"https:\/\/iak.ac.at\/index.php?rest_route=\/wp\/v2\/types\/page"}],"author":[{"embeddable":true,"href":"https:\/\/iak.ac.at\/index.php?rest_route=\/wp\/v2\/users\/1"}],"replies":[{"embeddable":true,"href":"https:\/\/iak.ac.at\/index.php?rest_route=%2Fwp%2Fv2%2Fcomments&post=34"}],"version-history":[{"count":36,"href":"https:\/\/iak.ac.at\/index.php?rest_route=\/wp\/v2\/pages\/34\/revisions"}],"predecessor-version":[{"id":264,"href":"https:\/\/iak.ac.at\/index.php?rest_route=\/wp\/v2\/pages\/34\/revisions\/264"}],"wp:attachment":[{"href":"https:\/\/iak.ac.at\/index.php?rest_route=%2Fwp%2Fv2%2Fmedia&parent=34"}],"curies":[{"name":"wp","href":"https:\/\/api.w.org\/{rel}","templated":true}]}}